{"id":372,"date":"2019-03-21T03:30:36","date_gmt":"2019-03-21T03:30:36","guid":{"rendered":"https:\/\/universidaddelaltiplano.com\/uda\/?page_id=372"},"modified":"2024-04-10T18:59:05","modified_gmt":"2024-04-10T18:59:05","slug":"proceso-de-admision-presencial","status":"publish","type":"page","link":"https:\/\/universidaddelaltiplano.com\/uda\/proceso-de-admision-presencial\/","title":{"rendered":"Proceso de Admisi\u00f3n Presencial"},"content":{"rendered":"\t\t<div data-elementor-type=\"wp-post\" data-elementor-id=\"372\" class=\"elementor elementor-372\" data-elementor-post-type=\"page\">\n\t\t\t\t\t\t<section class=\"elementor-section elementor-top-section elementor-element elementor-element-b17b7a7 elementor-hidden-desktop elementor-hidden-tablet elementor-hidden-phone elementor-section-boxed elementor-section-height-default elementor-section-height-default\" data-id=\"b17b7a7\" data-element_type=\"section\">\n\t\t\t\t\t\t<div class=\"elementor-container elementor-column-gap-default\">\n\t\t\t\t\t<div class=\"elementor-column elementor-col-100 elementor-top-column elementor-element elementor-element-ca21353\" data-id=\"ca21353\" data-element_type=\"column\">\n\t\t\t<div class=\"elementor-widget-wrap elementor-element-populated\">\n\t\t\t\t\t\t<div class=\"elementor-element elementor-element-106454d elementor-skin-carousel elementor-arrows-yes elementor-pagination-type-bullets elementor-pagination-position-outside elementor-widget elementor-widget-global elementor-global-132 elementor-widget-media-carousel\" data-id=\"106454d\" data-element_type=\"widget\" data-settings=\"{&quot;effect&quot;:&quot;cube&quot;,&quot;autoplay_speed&quot;:3000,&quot;skin&quot;:&quot;carousel&quot;,&quot;show_arrows&quot;:&quot;yes&quot;,&quot;pagination&quot;:&quot;bullets&quot;,&quot;speed&quot;:500,&quot;autoplay&quot;:&quot;yes&quot;,&quot;loop&quot;:&quot;yes&quot;,&quot;pause_on_hover&quot;:&quot;yes&quot;,&quot;pause_on_interaction&quot;:&quot;yes&quot;,&quot;space_between&quot;:{&quot;unit&quot;:&quot;px&quot;,&quot;size&quot;:10,&quot;sizes&quot;:[]},&quot;space_between_tablet&quot;:{&quot;unit&quot;:&quot;px&quot;,&quot;size&quot;:10,&quot;sizes&quot;:[]},&quot;space_between_mobile&quot;:{&quot;unit&quot;:&quot;px&quot;,&quot;size&quot;:10,&quot;sizes&quot;:[]}}\" data-widget_type=\"media-carousel.default\">\n\t\t\t\t<div class=\"elementor-widget-container\">\n\t\t\t\t\t<div class=\"elementor-swiper\">\n\t\t\t<div class=\"elementor-main-swiper swiper\">\n\t\t\t\t<div class=\"swiper-wrapper\">\n\t\t\t\t\t\t\t\t\t\t\t<div class=\"swiper-slide\">\n\t\t\t\t\t\t\t\t\t<div class=\"elementor-carousel-image\" role=\"img\" aria-label=\"generaciones-exitosas\" style=\"background-image: url(&#039;https:\/\/universidaddelaltiplano.com\/uda\/wp-content\/uploads\/2024\/06\/generaciones-exitosas-8.png&#039;)\">\n\n\t\t\t\n\t\t\t\t\t<\/div>\n\t\t\t\t\t\t\t\t<\/div>\n\t\t\t\t\t\t\t\t\t\t\t<div class=\"swiper-slide\">\n\t\t\t\t\t\t\t\t\t<div class=\"elementor-carousel-image\" role=\"img\" aria-label=\"semi-presencial-2\" style=\"background-image: url(&#039;https:\/\/universidaddelaltiplano.com\/uda\/wp-content\/uploads\/2024\/06\/semi-presencial-2-8.png&#039;)\">\n\n\t\t\t\n\t\t\t\t\t<\/div>\n\t\t\t\t\t\t\t\t<\/div>\n\t\t\t\t\t\t\t\t\t\t\t<div class=\"swiper-slide\">\n\t\t\t\t\t\t\t\t\t<div class=\"elementor-carousel-image\" role=\"img\" aria-label=\"BECAS\" style=\"background-image: url(&#039;https:\/\/universidaddelaltiplano.com\/uda\/wp-content\/uploads\/2024\/06\/BECAS-8.png&#039;)\">\n\n\t\t\t\n\t\t\t\t\t<\/div>\n\t\t\t\t\t\t\t\t<\/div>\n\t\t\t\t\t\t\t\t\t\t\t<div class=\"swiper-slide\">\n\t\t\t\t\t\t\t\t\t<div class=\"elementor-carousel-image\" role=\"img\" aria-label=\"INSCRIPCIONES-\" style=\"background-image: url(&#039;https:\/\/universidaddelaltiplano.com\/uda\/wp-content\/uploads\/2024\/06\/INSCRIPCIONES-1-8-scaled.gif&#039;)\">\n\n\t\t\t\n\t\t\t\t\t<\/div>\n\t\t\t\t\t\t\t\t<\/div>\n\t\t\t\t\t\t\t\t\t<\/div>\n\t\t\t\t\t\t\t\t\t\t\t\t\t\t\t<div class=\"swiper-pagination\"><\/div>\n\t\t\t\t\t\t\t\t\t\t\t\t\t\t\t\t<div class=\"elementor-swiper-button elementor-swiper-button-prev\" role=\"button\" tabindex=\"0\">\n\t\t\t\t\t\t\t<i aria-hidden=\"true\" class=\"eicon-chevron-left\"><\/i>\t\t\t\t\t\t\t<span class=\"elementor-screen-only\">Previous<\/span>\n\t\t\t\t\t\t<\/div>\n\t\t\t\t\t\t<div class=\"elementor-swiper-button elementor-swiper-button-next\" role=\"button\" tabindex=\"0\">\n\t\t\t\t\t\t\t<i aria-hidden=\"true\" class=\"eicon-chevron-right\"><\/i>\t\t\t\t\t\t\t<span class=\"elementor-screen-only\">Next<\/span>\n\t\t\t\t\t\t<\/div>\n\t\t\t\t\t\t\t\t\t\t\t\t<\/div>\n\t\t<\/div>\n\t\t\t\t<\/div>\n\t\t\t\t<\/div>\n\t\t\t\t\t<\/div>\n\t\t<\/div>\n\t\t\t\t\t<\/div>\n\t\t<\/section>\n\t\t\t\t<section class=\"elementor-section elementor-top-section elementor-element elementor-element-ddb5540 elementor-section-boxed elementor-section-height-default elementor-section-height-default\" data-id=\"ddb5540\" data-element_type=\"section\" data-settings=\"{&quot;background_background&quot;:&quot;gradient&quot;}\">\n\t\t\t\t\t\t<div class=\"elementor-container elementor-column-gap-default\">\n\t\t\t\t\t<div class=\"elementor-column elementor-col-100 elementor-top-column elementor-element elementor-element-0d1cadd\" data-id=\"0d1cadd\" data-element_type=\"column\">\n\t\t\t<div class=\"elementor-widget-wrap elementor-element-populated\">\n\t\t\t\t\t\t<div class=\"elementor-element elementor-element-62fef36 elementor-widget elementor-widget-heading\" data-id=\"62fef36\" data-element_type=\"widget\" data-widget_type=\"heading.default\">\n\t\t\t\t<div class=\"elementor-widget-container\">\n\t\t\t<h3 class=\"elementor-heading-title elementor-size-default\">Fechas y Costos<\/h3>\t\t<\/div>\n\t\t\t\t<\/div>\n\t\t\t\t\t<\/div>\n\t\t<\/div>\n\t\t\t\t\t<\/div>\n\t\t<\/section>\n\t\t\t\t<section class=\"elementor-section elementor-top-section elementor-element elementor-element-a3ec991 elementor-section-boxed elementor-section-height-default elementor-section-height-default\" data-id=\"a3ec991\" data-element_type=\"section\">\n\t\t\t\t\t\t<div class=\"elementor-container elementor-column-gap-default\">\n\t\t\t\t\t<div class=\"elementor-column elementor-col-100 elementor-top-column elementor-element elementor-element-ba71ddd\" data-id=\"ba71ddd\" data-element_type=\"column\">\n\t\t\t<div class=\"elementor-widget-wrap\">\n\t\t\t\t\t\t\t<\/div>\n\t\t<\/div>\n\t\t\t\t\t<\/div>\n\t\t<\/section>\n\t\t\t\t<section class=\"elementor-section elementor-top-section elementor-element elementor-element-55bc4de elementor-section-boxed elementor-section-height-default elementor-section-height-default\" data-id=\"55bc4de\" data-element_type=\"section\">\n\t\t\t\t\t\t<div class=\"elementor-container elementor-column-gap-default\">\n\t\t\t\t\t<div class=\"elementor-column elementor-col-100 elementor-top-column elementor-element elementor-element-a7c05db\" data-id=\"a7c05db\" data-element_type=\"column\">\n\t\t\t<div class=\"elementor-widget-wrap elementor-element-populated\">\n\t\t\t\t\t\t<div class=\"elementor-element elementor-element-da25d28 elementor-widget elementor-widget-heading\" data-id=\"da25d28\" data-element_type=\"widget\" data-widget_type=\"heading.default\">\n\t\t\t\t<div class=\"elementor-widget-container\">\n\t\t\t<h3 class=\"elementor-heading-title elementor-size-default\">Fechas y Costos<\/h3>\t\t<\/div>\n\t\t\t\t<\/div>\n\t\t\t\t<div class=\"elementor-element elementor-element-384de0e elementor-tabs-view-vertical elementor-widget elementor-widget-tabs\" data-id=\"384de0e\" data-element_type=\"widget\" data-widget_type=\"tabs.default\">\n\t\t\t\t<div class=\"elementor-widget-container\">\n\t\t\t\t\t<div class=\"elementor-tabs\">\n\t\t\t<div class=\"elementor-tabs-wrapper\" role=\"tablist\" >\n\t\t\t\t\t\t\t\t\t<div id=\"elementor-tab-title-5901\" class=\"elementor-tab-title elementor-tab-desktop-title\" aria-selected=\"true\" data-tab=\"1\" role=\"tab\" tabindex=\"0\" aria-controls=\"elementor-tab-content-5901\" aria-expanded=\"false\">Paso 1: Solicitar el examen de ubicaci\u00f3n<\/div>\n\t\t\t\t\t\t\t\t\t<div id=\"elementor-tab-title-5902\" class=\"elementor-tab-title elementor-tab-desktop-title\" aria-selected=\"false\" data-tab=\"2\" role=\"tab\" tabindex=\"-1\" aria-controls=\"elementor-tab-content-5902\" aria-expanded=\"false\">Paso 2: Fechas de aplicaci\u00f3n<\/div>\n\t\t\t\t\t\t\t\t\t<div id=\"elementor-tab-title-5903\" class=\"elementor-tab-title elementor-tab-desktop-title\" aria-selected=\"false\" data-tab=\"3\" role=\"tab\" tabindex=\"-1\" aria-controls=\"elementor-tab-content-5903\" aria-expanded=\"false\">Paso 3: Presentar la Documentaci\u00f3n para la solicitud<\/div>\n\t\t\t\t\t\t\t\t\t<div id=\"elementor-tab-title-5904\" class=\"elementor-tab-title elementor-tab-desktop-title\" aria-selected=\"false\" data-tab=\"4\" role=\"tab\" tabindex=\"-1\" aria-controls=\"elementor-tab-content-5904\" aria-expanded=\"false\">Paso 4: Realizar el pago<\/div>\n\t\t\t\t\t\t\t\t\t<div id=\"elementor-tab-title-5905\" class=\"elementor-tab-title elementor-tab-desktop-title\" aria-selected=\"false\" data-tab=\"5\" role=\"tab\" tabindex=\"-1\" aria-controls=\"elementor-tab-content-5905\" aria-expanded=\"false\">Paso 5: Presentar la documentaci\u00f3n original\u00a0<\/div>\n\t\t\t\t\t\t\t<\/div>\n\t\t\t<div class=\"elementor-tabs-content-wrapper\" role=\"tablist\" aria-orientation=\"vertical\">\n\t\t\t\t\t\t\t\t\t<div class=\"elementor-tab-title elementor-tab-mobile-title\" aria-selected=\"true\" data-tab=\"1\" role=\"tab\" tabindex=\"0\" aria-controls=\"elementor-tab-content-5901\" aria-expanded=\"false\">Paso 1: Solicitar el examen de ubicaci\u00f3n<\/div>\n\t\t\t\t\t<div id=\"elementor-tab-content-5901\" class=\"elementor-tab-content elementor-clearfix\" data-tab=\"1\" role=\"tabpanel\" aria-labelledby=\"elementor-tab-title-5901\" tabindex=\"0\" hidden=\"false\"><div class=\"HYPE_element_container\"><div id=\"hype-obj-NOOSFKH4W44PW1CY65KZ\" class=\"HYPE_element\"><span style=\"color: #1f80e0;\">1.- <strong>PROCESO DE ADMISI\u00d3N<\/strong><\/span><div>\u00a0<\/div><\/div><\/div><div class=\"HYPE_element_container\"><div id=\"hype-obj-3WPIK8N30HOWPQOMXIAA\" class=\"HYPE_element\"><span style=\"color: #1f80e0;\">Nuestro proceso de admisi\u00f3n est\u00e1 enfocado a buscar j\u00f3venes que tengan gran potencial para convertirse en emprendedores con responsabilidad social y competitivos profesionalmente.<\/span><br \/><div><span style=\"color: #1f80e0;\">Busca personas que enriquezcan la vida acad\u00e9mica y estudiantil, comprometidos con su formaci\u00f3n y dispuestos de aprender del trabajo interdisciplinario.<\/span><\/div><\/div><\/div><\/div>\n\t\t\t\t\t\t\t\t\t<div class=\"elementor-tab-title elementor-tab-mobile-title\" aria-selected=\"false\" data-tab=\"2\" role=\"tab\" tabindex=\"-1\" aria-controls=\"elementor-tab-content-5902\" aria-expanded=\"false\">Paso 2: Fechas de aplicaci\u00f3n<\/div>\n\t\t\t\t\t<div id=\"elementor-tab-content-5902\" class=\"elementor-tab-content elementor-clearfix\" data-tab=\"2\" role=\"tabpanel\" aria-labelledby=\"elementor-tab-title-5902\" tabindex=\"0\" hidden=\"hidden\"><div><span style=\"color: #1f80e0;\">2.-&nbsp;<b>ADMISIONES&nbsp;<\/b><\/span><\/div>\n<div>&nbsp;<\/div>\n<div>&nbsp;<\/div>\n<div><span style=\"color: #1f80e0;\">1era. Aplicaci\u00f3n martes 02 de abril <br>2da. Aplicaci\u00f3n martes 07 de mayo<br>3era. Aplicaci\u00f3n martes 04 de junio<br>4ta. Aplicaci\u00f3n martes 25 de junio<br>5ta. Aplicaci\u00f3n martes 09 de julio<br>6ta. Aplicaci\u00f3n martes 30 de julio <br>Ser\u00e1n a las 12:00 hrs<\/span><\/div><\/div>\n\t\t\t\t\t\t\t\t\t<div class=\"elementor-tab-title elementor-tab-mobile-title\" aria-selected=\"false\" data-tab=\"3\" role=\"tab\" tabindex=\"-1\" aria-controls=\"elementor-tab-content-5903\" aria-expanded=\"false\">Paso 3: Presentar la Documentaci\u00f3n para la solicitud<\/div>\n\t\t\t\t\t<div id=\"elementor-tab-content-5903\" class=\"elementor-tab-content elementor-clearfix\" data-tab=\"3\" role=\"tabpanel\" aria-labelledby=\"elementor-tab-title-5903\" tabindex=\"0\" hidden=\"hidden\"><div><span style=\"color: #1f80e0; font-family: var( --e-global-typography-text-font-family ), Sans-serif; font-weight: var( --e-global-typography-text-font-weight ); font-size: 1rem;\">3.- <\/span><b style=\"color: #1f80e0; font-family: var( --e-global-typography-text-font-family ), Sans-serif; font-size: 1rem;\">PRESENTAR LA DOCUMENTACI\u00d3N PARA LA SOLICITUD<\/b><\/div><p>\u00a0<\/p><div><span style=\"color: #1f80e0;\">del examen de ubicaci\u00f3n una semana antes de la fecha de aplicaci\u00f3n elegida. Posteriormente pasar al Departamento de Contabilidad y solicitar la ficha de pago.\u00a0<\/span><\/div><div><span style=\"color: #1f80e0;\">\u2022Solicitud del examen de ubicaci\u00f3n\u00a0<\/span><\/div><div><span style=\"color: #1f80e0;\">\u2022Copia del acta de nacimiento<\/span><\/div><div><span style=\"color: #1f80e0;\">\u2022Copia de la CURP<\/span><\/div><div><span style=\"color: #1f80e0;\">\u2022Copia de la constancia de estudios o copia de la tira de calificaciones\u00a0<\/span><\/div><\/div>\n\t\t\t\t\t\t\t\t\t<div class=\"elementor-tab-title elementor-tab-mobile-title\" aria-selected=\"false\" data-tab=\"4\" role=\"tab\" tabindex=\"-1\" aria-controls=\"elementor-tab-content-5904\" aria-expanded=\"false\">Paso 4: Realizar el pago<\/div>\n\t\t\t\t\t<div id=\"elementor-tab-content-5904\" class=\"elementor-tab-content elementor-clearfix\" data-tab=\"4\" role=\"tabpanel\" aria-labelledby=\"elementor-tab-title-5904\" tabindex=\"0\" hidden=\"hidden\"><div><span style=\"color: #1f80e0;\">4.- <strong>REALIZAR EL PAGO\u00a0<\/strong><\/span><\/div><div><span style=\"color: #1f80e0;\">de inscripci\u00f3n de acuerdo a la licenciatura y modalidad de su elecci\u00f3n.<\/span><\/div><div>\u00a0<\/div><div><a href=\"https:\/\/universidaddelaltiplano.com\/uda\/becas\/\"><span style=\"color: #ff0000;\">Consultar las opciones de beca desde aqu\u00ed.\u00a0<\/span><\/a><\/div><\/div>\n\t\t\t\t\t\t\t\t\t<div class=\"elementor-tab-title elementor-tab-mobile-title\" aria-selected=\"false\" data-tab=\"5\" role=\"tab\" tabindex=\"-1\" aria-controls=\"elementor-tab-content-5905\" aria-expanded=\"false\">Paso 5: Presentar la documentaci\u00f3n original\u00a0<\/div>\n\t\t\t\t\t<div id=\"elementor-tab-content-5905\" class=\"elementor-tab-content elementor-clearfix\" data-tab=\"5\" role=\"tabpanel\" aria-labelledby=\"elementor-tab-title-5905\" tabindex=\"0\" hidden=\"hidden\"><div><span style=\"color: #1f80e0;\">5.- <strong>PRESENTAR LA DOCUMENTACI\u00d3N ORIGINAL<\/strong><\/span><\/div><div>\u00a0<\/div><div><span style=\"color: #1f80e0;\">Entregar en control escolar la siguiente documentaci\u00f3n:<\/span><\/div><div>\u00a0<\/div><div><span style=\"color: #1f80e0;\">\u2022Acta de nacimiento actualizada (con vigencia de m\u00e1ximo 4 a\u00f1os a la fecha)<\/span><\/div><div><span style=\"color: #1f80e0;\">\u2022Certificado de secundaria<\/span><\/div><div><span style=\"color: #1f80e0;\">\u2022Certificado de bachillerato legalizado<\/span><\/div><div><span style=\"color: #1f80e0;\">\u2022CURP<\/span><\/div><div><span style=\"color: #1f80e0;\">\u20226 fotograf\u00edas tama\u00f1o infantil en papel mate, de frente, blanco y negro (no digitales, no instant\u00e1neas):\u00a0<\/span><\/div><div><span style=\"color: #1f80e0;\"><b>Mujeres<\/b>: Blusa blanca formal, cabello recogido, sin maquillaje, aretes, collares u otros accesorios.<\/span><\/div><div><span style=\"color: #1f80e0;\"><b>Hombres<\/b>: Camisa blanca, corbata, cabello corto, bien peinado, sin barba ni accesorios.\u00a0<\/span><\/div><\/div>\n\t\t\t\t\t\t\t<\/div>\n\t\t<\/div>\n\t\t\t\t<\/div>\n\t\t\t\t<\/div>\n\t\t\t\t\t<\/div>\n\t\t<\/div>\n\t\t\t\t\t<\/div>\n\t\t<\/section>\n\t\t\t\t<section class=\"elementor-section elementor-top-section elementor-element elementor-element-11bbf16 elementor-section-boxed elementor-section-height-default elementor-section-height-default\" data-id=\"11bbf16\" data-element_type=\"section\">\n\t\t\t\t\t\t<div class=\"elementor-container elementor-column-gap-default\">\n\t\t\t\t\t<div class=\"elementor-column elementor-col-100 elementor-top-column elementor-element elementor-element-73c0036\" data-id=\"73c0036\" data-element_type=\"column\">\n\t\t\t<div class=\"elementor-widget-wrap elementor-element-populated\">\n\t\t\t\t\t\t<div class=\"elementor-element elementor-element-3073c54 elementor-widget elementor-widget-heading\" data-id=\"3073c54\" data-element_type=\"widget\" data-widget_type=\"heading.default\">\n\t\t\t\t<div class=\"elementor-widget-container\">\n\t\t\t<h3 class=\"elementor-heading-title elementor-size-default\">Fechas y Costos<\/h3>\t\t<\/div>\n\t\t\t\t<\/div>\n\t\t\t\t\t<\/div>\n\t\t<\/div>\n\t\t\t\t\t<\/div>\n\t\t<\/section>\n\t\t\t\t<section class=\"elementor-section elementor-top-section elementor-element elementor-element-b321979 elementor-section-boxed elementor-section-height-default elementor-section-height-default\" data-id=\"b321979\" data-element_type=\"section\">\n\t\t\t\t\t\t<div class=\"elementor-container elementor-column-gap-default\">\n\t\t\t\t\t<div class=\"elementor-column elementor-col-100 elementor-top-column elementor-element elementor-element-978292d\" data-id=\"978292d\" data-element_type=\"column\">\n\t\t\t<div class=\"elementor-widget-wrap elementor-element-populated\">\n\t\t\t\t\t\t<div class=\"elementor-element elementor-element-d6bc287 elementor-widget elementor-widget-image\" data-id=\"d6bc287\" data-element_type=\"widget\" data-widget_type=\"image.default\">\n\t\t\t\t<div class=\"elementor-widget-container\">\n\t\t\t\t\t\t\t\t\t\t\t\t\t<img decoding=\"async\" src=\"https:\/\/universidaddelaltiplano.com\/uda\/wp-content\/uploads\/2024\/01\/WhatsApp-Image-2024-01-09-at-11.46.36-AM.jpeg\" title=\"\" alt=\"\" loading=\"lazy\" \/>\t\t\t\t\t\t\t\t\t\t\t\t\t<\/div>\n\t\t\t\t<\/div>\n\t\t\t\t\t<\/div>\n\t\t<\/div>\n\t\t\t\t\t<\/div>\n\t\t<\/section>\n\t\t\t\t<section class=\"elementor-section elementor-top-section elementor-element elementor-element-4baaf43 elementor-section-boxed elementor-section-height-default elementor-section-height-default\" data-id=\"4baaf43\" data-element_type=\"section\">\n\t\t\t\t\t\t<div class=\"elementor-container elementor-column-gap-default\">\n\t\t\t\t\t<div class=\"elementor-column elementor-col-100 elementor-top-column elementor-element elementor-element-018c508\" data-id=\"018c508\" data-element_type=\"column\">\n\t\t\t<div class=\"elementor-widget-wrap elementor-element-populated\">\n\t\t\t\t\t\t<div class=\"elementor-element elementor-element-7680996 elementor-widget elementor-widget-spacer\" data-id=\"7680996\" data-element_type=\"widget\" data-widget_type=\"spacer.default\">\n\t\t\t\t<div class=\"elementor-widget-container\">\n\t\t\t\t\t<div class=\"elementor-spacer\">\n\t\t\t<div class=\"elementor-spacer-inner\"><\/div>\n\t\t<\/div>\n\t\t\t\t<\/div>\n\t\t\t\t<\/div>\n\t\t\t\t\t<\/div>\n\t\t<\/div>\n\t\t\t\t\t<\/div>\n\t\t<\/section>\n\t\t\t\t<\/div>\n\t\t","protected":false},"excerpt":{"rendered":"<p>Previous Next Fechas y Costos Fechas y Costos Paso 1: Solicitar el examen de ubicaci\u00f3n Paso 2: Fechas de aplicaci\u00f3n Paso 3: Presentar la Documentaci\u00f3n para la solicitud Paso 4: Realizar el pago Paso 5: Presentar la documentaci\u00f3n original\u00a0 Paso 1: Solicitar el examen de ubicaci\u00f3n 1.- PROCESO DE ADMISI\u00d3N\u00a0Nuestro proceso de admisi\u00f3n est\u00e1 enfocado [&hellip;]<\/p>\n","protected":false},"author":1,"featured_media":0,"parent":0,"menu_order":0,"comment_status":"closed","ping_status":"closed","template":"","meta":{"footnotes":""},"_links":{"self":[{"href":"https:\/\/universidaddelaltiplano.com\/uda\/wp-json\/wp\/v2\/pages\/372"}],"collection":[{"href":"https:\/\/universidaddelaltiplano.com\/uda\/wp-json\/wp\/v2\/pages"}],"about":[{"href":"https:\/\/universidaddelaltiplano.com\/uda\/wp-json\/wp\/v2\/types\/page"}],"author":[{"embeddable":true,"href":"https:\/\/universidaddelaltiplano.com\/uda\/wp-json\/wp\/v2\/users\/1"}],"replies":[{"embeddable":true,"href":"https:\/\/universidaddelaltiplano.com\/uda\/wp-json\/wp\/v2\/comments?post=372"}],"version-history":[{"count":68,"href":"https:\/\/universidaddelaltiplano.com\/uda\/wp-json\/wp\/v2\/pages\/372\/revisions"}],"predecessor-version":[{"id":2683,"href":"https:\/\/universidaddelaltiplano.com\/uda\/wp-json\/wp\/v2\/pages\/372\/revisions\/2683"}],"wp:attachment":[{"href":"https:\/\/universidaddelaltiplano.com\/uda\/wp-json\/wp\/v2\/media?parent=372"}],"curies":[{"name":"wp","href":"https:\/\/api.w.org\/{rel}","templated":true}]}}