{"id":385,"date":"2019-03-21T13:59:01","date_gmt":"2019-03-21T13:59:01","guid":{"rendered":"https:\/\/universidaddelaltiplano.com\/uda\/?page_id=385"},"modified":"2025-03-11T20:43:58","modified_gmt":"2025-03-11T20:43:58","slug":"becas","status":"publish","type":"page","link":"https:\/\/universidaddelaltiplano.com\/uda\/becas\/","title":{"rendered":"Becas"},"content":{"rendered":"\t\t<div data-elementor-type=\"wp-post\" data-elementor-id=\"385\" class=\"elementor elementor-385\" data-elementor-post-type=\"page\">\n\t\t\t\t\t\t<section class=\"elementor-section elementor-top-section elementor-element elementor-element-37c1912 elementor-hidden-desktop elementor-hidden-tablet elementor-hidden-phone elementor-section-boxed elementor-section-height-default elementor-section-height-default\" data-id=\"37c1912\" data-element_type=\"section\">\n\t\t\t\t\t\t<div class=\"elementor-container elementor-column-gap-default\">\n\t\t\t\t\t<div class=\"elementor-column elementor-col-100 elementor-top-column elementor-element elementor-element-0b26b80\" data-id=\"0b26b80\" data-element_type=\"column\">\n\t\t\t<div class=\"elementor-widget-wrap elementor-element-populated\">\n\t\t\t\t\t\t<div class=\"elementor-element elementor-element-ec3d43a elementor-skin-carousel elementor-arrows-yes elementor-pagination-type-bullets elementor-pagination-position-outside elementor-widget elementor-widget-global elementor-global-132 elementor-widget-media-carousel\" data-id=\"ec3d43a\" data-element_type=\"widget\" data-settings=\"{&quot;effect&quot;:&quot;cube&quot;,&quot;autoplay_speed&quot;:3000,&quot;skin&quot;:&quot;carousel&quot;,&quot;show_arrows&quot;:&quot;yes&quot;,&quot;pagination&quot;:&quot;bullets&quot;,&quot;speed&quot;:500,&quot;autoplay&quot;:&quot;yes&quot;,&quot;loop&quot;:&quot;yes&quot;,&quot;pause_on_hover&quot;:&quot;yes&quot;,&quot;pause_on_interaction&quot;:&quot;yes&quot;,&quot;space_between&quot;:{&quot;unit&quot;:&quot;px&quot;,&quot;size&quot;:10,&quot;sizes&quot;:[]},&quot;space_between_tablet&quot;:{&quot;unit&quot;:&quot;px&quot;,&quot;size&quot;:10,&quot;sizes&quot;:[]},&quot;space_between_mobile&quot;:{&quot;unit&quot;:&quot;px&quot;,&quot;size&quot;:10,&quot;sizes&quot;:[]}}\" data-widget_type=\"media-carousel.default\">\n\t\t\t\t<div class=\"elementor-widget-container\">\n\t\t\t\t\t<div class=\"elementor-swiper\">\n\t\t\t<div class=\"elementor-main-swiper swiper\">\n\t\t\t\t<div class=\"swiper-wrapper\">\n\t\t\t\t\t\t\t\t\t\t\t<div class=\"swiper-slide\">\n\t\t\t\t\t\t\t\t\t<div class=\"elementor-carousel-image\" role=\"img\" aria-label=\"generaciones-exitosas\" style=\"background-image: url(&#039;https:\/\/universidaddelaltiplano.com\/uda\/wp-content\/uploads\/2024\/06\/generaciones-exitosas-8.png&#039;)\">\n\n\t\t\t\n\t\t\t\t\t<\/div>\n\t\t\t\t\t\t\t\t<\/div>\n\t\t\t\t\t\t\t\t\t\t\t<div class=\"swiper-slide\">\n\t\t\t\t\t\t\t\t\t<div class=\"elementor-carousel-image\" role=\"img\" aria-label=\"semi-presencial-2\" style=\"background-image: url(&#039;https:\/\/universidaddelaltiplano.com\/uda\/wp-content\/uploads\/2024\/06\/semi-presencial-2-8.png&#039;)\">\n\n\t\t\t\n\t\t\t\t\t<\/div>\n\t\t\t\t\t\t\t\t<\/div>\n\t\t\t\t\t\t\t\t\t\t\t<div class=\"swiper-slide\">\n\t\t\t\t\t\t\t\t\t<div class=\"elementor-carousel-image\" role=\"img\" aria-label=\"BECAS\" style=\"background-image: url(&#039;https:\/\/universidaddelaltiplano.com\/uda\/wp-content\/uploads\/2024\/06\/BECAS-8.png&#039;)\">\n\n\t\t\t\n\t\t\t\t\t<\/div>\n\t\t\t\t\t\t\t\t<\/div>\n\t\t\t\t\t\t\t\t\t\t\t<div class=\"swiper-slide\">\n\t\t\t\t\t\t\t\t\t<div class=\"elementor-carousel-image\" role=\"img\" aria-label=\"INSCRIPCIONES-\" style=\"background-image: url(&#039;https:\/\/universidaddelaltiplano.com\/uda\/wp-content\/uploads\/2024\/06\/INSCRIPCIONES-1-8-scaled.gif&#039;)\">\n\n\t\t\t\n\t\t\t\t\t<\/div>\n\t\t\t\t\t\t\t\t<\/div>\n\t\t\t\t\t\t\t\t\t<\/div>\n\t\t\t\t\t\t\t\t\t\t\t\t\t\t\t<div class=\"swiper-pagination\"><\/div>\n\t\t\t\t\t\t\t\t\t\t\t\t\t\t\t\t<div class=\"elementor-swiper-button elementor-swiper-button-prev\" role=\"button\" tabindex=\"0\">\n\t\t\t\t\t\t\t<i aria-hidden=\"true\" class=\"eicon-chevron-left\"><\/i>\t\t\t\t\t\t\t<span class=\"elementor-screen-only\">Previous<\/span>\n\t\t\t\t\t\t<\/div>\n\t\t\t\t\t\t<div class=\"elementor-swiper-button elementor-swiper-button-next\" role=\"button\" tabindex=\"0\">\n\t\t\t\t\t\t\t<i aria-hidden=\"true\" class=\"eicon-chevron-right\"><\/i>\t\t\t\t\t\t\t<span class=\"elementor-screen-only\">Next<\/span>\n\t\t\t\t\t\t<\/div>\n\t\t\t\t\t\t\t\t\t\t\t\t<\/div>\n\t\t<\/div>\n\t\t\t\t<\/div>\n\t\t\t\t<\/div>\n\t\t\t\t\t<\/div>\n\t\t<\/div>\n\t\t\t\t\t<\/div>\n\t\t<\/section>\n\t\t\t\t<section class=\"elementor-section elementor-top-section elementor-element elementor-element-f5f176d elementor-section-boxed elementor-section-height-default elementor-section-height-default\" data-id=\"f5f176d\" data-element_type=\"section\">\n\t\t\t\t\t\t<div class=\"elementor-container elementor-column-gap-default\">\n\t\t\t\t\t<div class=\"elementor-column elementor-col-100 elementor-top-column elementor-element elementor-element-7f44186\" data-id=\"7f44186\" data-element_type=\"column\">\n\t\t\t<div class=\"elementor-widget-wrap elementor-element-populated\">\n\t\t\t\t\t\t<div class=\"elementor-element elementor-element-1c1dc5d elementor-widget elementor-widget-spacer\" data-id=\"1c1dc5d\" data-element_type=\"widget\" data-widget_type=\"spacer.default\">\n\t\t\t\t<div class=\"elementor-widget-container\">\n\t\t\t\t\t<div class=\"elementor-spacer\">\n\t\t\t<div class=\"elementor-spacer-inner\"><\/div>\n\t\t<\/div>\n\t\t\t\t<\/div>\n\t\t\t\t<\/div>\n\t\t\t\t<div class=\"elementor-element elementor-element-b8260cf elementor-arrows-position-inside elementor-pagination-position-outside elementor-widget elementor-widget-image-carousel\" data-id=\"b8260cf\" data-element_type=\"widget\" data-settings=\"{&quot;slides_to_show&quot;:&quot;1&quot;,&quot;autoplay_speed&quot;:3000,&quot;speed&quot;:450,&quot;navigation&quot;:&quot;both&quot;,&quot;autoplay&quot;:&quot;yes&quot;,&quot;pause_on_hover&quot;:&quot;yes&quot;,&quot;pause_on_interaction&quot;:&quot;yes&quot;,&quot;infinite&quot;:&quot;yes&quot;,&quot;effect&quot;:&quot;slide&quot;}\" data-widget_type=\"image-carousel.default\">\n\t\t\t\t<div class=\"elementor-widget-container\">\n\t\t\t\t\t<div class=\"elementor-image-carousel-wrapper swiper\" dir=\"ltr\">\n\t\t\t<div class=\"elementor-image-carousel swiper-wrapper\" aria-live=\"off\">\n\t\t\t\t\t\t\t\t<div class=\"swiper-slide\" role=\"group\" aria-roledescription=\"slide\" aria-label=\"1 de 4\"><figure class=\"swiper-slide-inner\"><img decoding=\"async\" class=\"swiper-slide-image\" src=\"https:\/\/universidaddelaltiplano.com\/uda\/wp-content\/uploads\/2024\/06\/INSCRIPCIONES-1-6-scaled.gif\" alt=\"INSCRIPCIONES-\" \/><\/figure><\/div><div class=\"swiper-slide\" role=\"group\" aria-roledescription=\"slide\" aria-label=\"2 de 4\"><figure class=\"swiper-slide-inner\"><img decoding=\"async\" class=\"swiper-slide-image\" src=\"https:\/\/universidaddelaltiplano.com\/uda\/wp-content\/uploads\/2024\/06\/BECAS-6.png\" alt=\"BECAS\" \/><\/figure><\/div><div class=\"swiper-slide\" role=\"group\" aria-roledescription=\"slide\" aria-label=\"3 de 4\"><figure class=\"swiper-slide-inner\"><img decoding=\"async\" class=\"swiper-slide-image\" src=\"https:\/\/universidaddelaltiplano.com\/uda\/wp-content\/uploads\/2024\/06\/semi-presencial-2-6.png\" alt=\"semi-presencial-2\" \/><\/figure><\/div><div class=\"swiper-slide\" role=\"group\" aria-roledescription=\"slide\" aria-label=\"4 de 4\"><figure class=\"swiper-slide-inner\"><img decoding=\"async\" class=\"swiper-slide-image\" src=\"https:\/\/universidaddelaltiplano.com\/uda\/wp-content\/uploads\/2024\/06\/generaciones-exitosas-6.png\" alt=\"generaciones-exitosas\" \/><\/figure><\/div>\t\t\t<\/div>\n\t\t\t\t\t\t\t\t\t\t\t\t<div class=\"elementor-swiper-button elementor-swiper-button-prev\" role=\"button\" tabindex=\"0\">\n\t\t\t\t\t\t<i aria-hidden=\"true\" class=\"eicon-chevron-left\"><\/i>\t\t\t\t\t<\/div>\n\t\t\t\t\t<div class=\"elementor-swiper-button elementor-swiper-button-next\" role=\"button\" tabindex=\"0\">\n\t\t\t\t\t\t<i aria-hidden=\"true\" class=\"eicon-chevron-right\"><\/i>\t\t\t\t\t<\/div>\n\t\t\t\t\n\t\t\t\t\t\t\t\t\t<div class=\"swiper-pagination\"><\/div>\n\t\t\t\t\t\t\t\t\t<\/div>\n\t\t\t\t<\/div>\n\t\t\t\t<\/div>\n\t\t\t\t<div class=\"elementor-element elementor-element-1af50ee elementor-widget elementor-widget-spacer\" data-id=\"1af50ee\" data-element_type=\"widget\" data-widget_type=\"spacer.default\">\n\t\t\t\t<div class=\"elementor-widget-container\">\n\t\t\t\t\t<div class=\"elementor-spacer\">\n\t\t\t<div class=\"elementor-spacer-inner\"><\/div>\n\t\t<\/div>\n\t\t\t\t<\/div>\n\t\t\t\t<\/div>\n\t\t\t\t<div class=\"elementor-element elementor-element-78b49cd elementor--h-position-center elementor--v-position-middle elementor-arrows-position-inside elementor-pagination-position-inside elementor-widget elementor-widget-slides\" data-id=\"78b49cd\" data-element_type=\"widget\" data-settings=\"{&quot;navigation&quot;:&quot;both&quot;,&quot;autoplay&quot;:&quot;yes&quot;,&quot;pause_on_hover&quot;:&quot;yes&quot;,&quot;pause_on_interaction&quot;:&quot;yes&quot;,&quot;autoplay_speed&quot;:5000,&quot;infinite&quot;:&quot;yes&quot;,&quot;transition&quot;:&quot;slide&quot;,&quot;transition_speed&quot;:500}\" data-widget_type=\"slides.default\">\n\t\t\t\t<div class=\"elementor-widget-container\">\n\t\t\t\t\t<div class=\"elementor-swiper\">\n\t\t\t<div class=\"elementor-slides-wrapper elementor-main-swiper swiper\" dir=\"ltr\" data-animation=\"fadeInUp\">\n\t\t\t\t<div class=\"swiper-wrapper elementor-slides\">\n\t\t\t\t\t\t\t\t\t\t<div class=\"elementor-repeater-item-748fd4c swiper-slide\"><div class=\"swiper-slide-bg\" role=\"img\"><\/div><a class=\"swiper-slide-inner\" href=\"https:\/\/universidaddelaltiplano.com\/descargas\/becas\/beca-convenios-2020-2021.pdf\"><div class=\"swiper-slide-contents\"><div class=\"elementor-slide-heading\">CONVENIO INSTITUCIONAL<\/div><div class=\"elementor-slide-description\">BENEFICIO que otorgan la Universidad del Altiplano a empleados, conyugues e hijos de los empleados de las instituciones con las que se han firmado convenios institucionales, los que implican un descuento del 20 % en colegiaturas, en los niveles: preescolar, primaria, secundaria, bachillerato, licenciaturas y posgrado (En el Instituto Independencia y la UDA). Este beneficio se aplica exclusivamente sobre el costo de la colegiatura y queda bajo responsabilidad del alumno cubrir la inscripci\u00f3n y cualquier otro concepto generado durante su permanencia en la Instituci\u00f3n.<\/div><div  class=\"elementor-button elementor-slide-button elementor-size-sm\">Descarga el PDF<\/div><\/div><\/a><\/div><div class=\"elementor-repeater-item-0471fe1 swiper-slide\"><div class=\"swiper-slide-bg\" role=\"img\"><\/div><a class=\"swiper-slide-inner\" href=\"https:\/\/universidaddelaltiplano.com\/descargas\/becas\/beca-pronto-pago-2020-2021.pdf\"><div class=\"swiper-slide-contents\"><div class=\"elementor-slide-heading\">PRONTO PAGO<\/div><div class=\"elementor-slide-description\">BENEFICIO qu\u00e9 otorga la Universidad del Altiplano, y consiste en un descuento del 20% que aplica exclusivamente sobre el costo de las colegiaturas, queda bajo responsabilidad del alumno cubrir la inscripci\u00f3n y cualquier otro concepto generado durante su permanencia en la Instituci\u00f3n.\nDIRIGIDO A: Alumnos de nuevo ingreso cuyo promedio sea m\u00ednimo 7.0. <\/div><div  class=\"elementor-button elementor-slide-button elementor-size-sm\">Descarga el PDF<\/div><\/div><\/a><\/div><div class=\"elementor-repeater-item-d4db2d4 swiper-slide\"><div class=\"swiper-slide-bg\" role=\"img\"><\/div><a class=\"swiper-slide-inner\" href=\"https:\/\/universidaddelaltiplano.com\/descargas\/becas\/beca-desempeno-academico-2020-2021.pdf\"><div class=\"swiper-slide-contents\"><div class=\"elementor-slide-heading\">DESEMPE\u00d1O ACAD\u00c9MICO<\/div><div class=\"elementor-slide-description\">BENEFICIO qu\u00e9 otorga la Universidad del Altiplano, a los alumnos de las instituciones particulares incorporadas a la Secretaria de Educaci\u00f3n P\u00fablica de Estado con autorizaci\u00f3n y reconocimiento de validez oficial de estudios en todos sus tipos y niveles, que aspiren a la obtenci\u00f3n de una beca para el ciclo escolar 2022-2023, a participar en este proceso.<\/div><div  class=\"elementor-button elementor-slide-button elementor-size-sm\">Descarga el PDF<\/div><\/div><\/a><\/div><div class=\"elementor-repeater-item-c9584ed swiper-slide\"><div class=\"swiper-slide-bg\" role=\"img\"><\/div><a class=\"swiper-slide-inner\" href=\"https:\/\/universidaddelaltiplano.com\/uda\/wp-content\/uploads\/2025\/03\/beca-deportiva-UDA.pdf\"><div class=\"swiper-slide-contents\"><div class=\"elementor-slide-heading\">DEPORTIVA<\/div><div class=\"elementor-slide-description\">La Universidad del Altiplano presenta su Convocatoria de Beca Deportiva, dirigida a estudiantes de nivel licenciatura. Este beneficio ofrece un 30% de descuento en colegiaturas para quienes forman parte de equipos representativos en ligas deportivas estatales, y un 25% de descuento para deportistas destacados. Los aspirantes deber\u00e1n cumplir con requisitos acad\u00e9micos y deportivos, adem\u00e1s de mantener un buen desempe\u00f1o y conducta para conservar la beca.<\/div><div  class=\"elementor-button elementor-slide-button elementor-size-sm\">Descargar  el PDF<\/div><\/div><\/a><\/div>\t\t\t\t<\/div>\n\t\t\t\t\t\t\t\t\t\t\t\t\t\t\t<div class=\"swiper-pagination\"><\/div>\n\t\t\t\t\t\t\t\t\t\t\t\t\t\t\t\t<div class=\"elementor-swiper-button elementor-swiper-button-prev\" role=\"button\" tabindex=\"0\">\n\t\t\t\t\t\t\t<i aria-hidden=\"true\" class=\"eicon-chevron-left\"><\/i>\t\t\t\t\t\t\t<span class=\"elementor-screen-only\">Previous slide<\/span>\n\t\t\t\t\t\t<\/div>\n\t\t\t\t\t\t<div class=\"elementor-swiper-button elementor-swiper-button-next\" role=\"button\" tabindex=\"0\">\n\t\t\t\t\t\t\t<i aria-hidden=\"true\" class=\"eicon-chevron-right\"><\/i>\t\t\t\t\t\t\t<span class=\"elementor-screen-only\">Next slide<\/span>\n\t\t\t\t\t\t<\/div>\n\t\t\t\t\t\t\t\t\t\t\t\t<\/div>\n\t\t<\/div>\n\t\t\t\t<\/div>\n\t\t\t\t<\/div>\n\t\t\t\t\t<\/div>\n\t\t<\/div>\n\t\t\t\t\t<\/div>\n\t\t<\/section>\n\t\t\t\t<section class=\"elementor-section elementor-top-section elementor-element elementor-element-06ef11a elementor-section-boxed elementor-section-height-default elementor-section-height-default\" data-id=\"06ef11a\" data-element_type=\"section\">\n\t\t\t\t\t\t<div class=\"elementor-container elementor-column-gap-default\">\n\t\t\t\t\t<div class=\"elementor-column elementor-col-100 elementor-top-column elementor-element elementor-element-4846193\" data-id=\"4846193\" data-element_type=\"column\">\n\t\t\t<div class=\"elementor-widget-wrap elementor-element-populated\">\n\t\t\t\t\t\t<div class=\"elementor-element elementor-element-2eacfd6 elementor-widget elementor-widget-spacer\" data-id=\"2eacfd6\" data-element_type=\"widget\" data-widget_type=\"spacer.default\">\n\t\t\t\t<div class=\"elementor-widget-container\">\n\t\t\t\t\t<div class=\"elementor-spacer\">\n\t\t\t<div class=\"elementor-spacer-inner\"><\/div>\n\t\t<\/div>\n\t\t\t\t<\/div>\n\t\t\t\t<\/div>\n\t\t\t\t\t<\/div>\n\t\t<\/div>\n\t\t\t\t\t<\/div>\n\t\t<\/section>\n\t\t\t\t<\/div>\n\t\t","protected":false},"excerpt":{"rendered":"<p>Previous Next CONVENIO INSTITUCIONALBENEFICIO que otorgan la Universidad del Altiplano a empleados, conyugues e hijos de los empleados de las instituciones con las que se han firmado convenios institucionales, los que implican un descuento del 20 % en colegiaturas, en los niveles: preescolar, primaria, secundaria, bachillerato, licenciaturas y posgrado (En el Instituto Independencia y la [&hellip;]<\/p>\n","protected":false},"author":1,"featured_media":0,"parent":0,"menu_order":0,"comment_status":"closed","ping_status":"closed","template":"","meta":{"footnotes":""},"_links":{"self":[{"href":"https:\/\/universidaddelaltiplano.com\/uda\/wp-json\/wp\/v2\/pages\/385"}],"collection":[{"href":"https:\/\/universidaddelaltiplano.com\/uda\/wp-json\/wp\/v2\/pages"}],"about":[{"href":"https:\/\/universidaddelaltiplano.com\/uda\/wp-json\/wp\/v2\/types\/page"}],"author":[{"embeddable":true,"href":"https:\/\/universidaddelaltiplano.com\/uda\/wp-json\/wp\/v2\/users\/1"}],"replies":[{"embeddable":true,"href":"https:\/\/universidaddelaltiplano.com\/uda\/wp-json\/wp\/v2\/comments?post=385"}],"version-history":[{"count":41,"href":"https:\/\/universidaddelaltiplano.com\/uda\/wp-json\/wp\/v2\/pages\/385\/revisions"}],"predecessor-version":[{"id":3117,"href":"https:\/\/universidaddelaltiplano.com\/uda\/wp-json\/wp\/v2\/pages\/385\/revisions\/3117"}],"wp:attachment":[{"href":"https:\/\/universidaddelaltiplano.com\/uda\/wp-json\/wp\/v2\/media?parent=385"}],"curies":[{"name":"wp","href":"https:\/\/api.w.org\/{rel}","templated":true}]}}