{"id":408,"date":"2019-03-21T14:36:27","date_gmt":"2019-03-21T14:36:27","guid":{"rendered":"https:\/\/universidaddelaltiplano.com\/uda\/?page_id=408"},"modified":"2024-05-24T18:16:27","modified_gmt":"2024-05-24T18:16:27","slug":"todos-los-servicios","status":"publish","type":"page","link":"https:\/\/universidaddelaltiplano.com\/uda\/todos-los-servicios\/","title":{"rendered":"Todos los Servicios"},"content":{"rendered":"\t\t<div data-elementor-type=\"wp-post\" data-elementor-id=\"408\" class=\"elementor elementor-408\" data-elementor-post-type=\"page\">\n\t\t\t\t\t\t<section class=\"elementor-section elementor-top-section elementor-element elementor-element-ea33314 elementor-hidden-desktop elementor-hidden-tablet elementor-hidden-phone elementor-section-boxed elementor-section-height-default elementor-section-height-default\" data-id=\"ea33314\" data-element_type=\"section\">\n\t\t\t\t\t\t<div class=\"elementor-container elementor-column-gap-default\">\n\t\t\t\t\t<div class=\"elementor-column elementor-col-100 elementor-top-column elementor-element elementor-element-240340a\" data-id=\"240340a\" data-element_type=\"column\">\n\t\t\t<div class=\"elementor-widget-wrap elementor-element-populated\">\n\t\t\t\t\t\t<div class=\"elementor-element elementor-element-dc25262 elementor-skin-carousel elementor-arrows-yes elementor-pagination-type-bullets elementor-pagination-position-outside elementor-widget elementor-widget-global elementor-global-132 elementor-widget-media-carousel\" data-id=\"dc25262\" data-element_type=\"widget\" data-settings=\"{&quot;effect&quot;:&quot;cube&quot;,&quot;autoplay_speed&quot;:3000,&quot;skin&quot;:&quot;carousel&quot;,&quot;show_arrows&quot;:&quot;yes&quot;,&quot;pagination&quot;:&quot;bullets&quot;,&quot;speed&quot;:500,&quot;autoplay&quot;:&quot;yes&quot;,&quot;loop&quot;:&quot;yes&quot;,&quot;pause_on_hover&quot;:&quot;yes&quot;,&quot;pause_on_interaction&quot;:&quot;yes&quot;,&quot;space_between&quot;:{&quot;unit&quot;:&quot;px&quot;,&quot;size&quot;:10,&quot;sizes&quot;:[]},&quot;space_between_tablet&quot;:{&quot;unit&quot;:&quot;px&quot;,&quot;size&quot;:10,&quot;sizes&quot;:[]},&quot;space_between_mobile&quot;:{&quot;unit&quot;:&quot;px&quot;,&quot;size&quot;:10,&quot;sizes&quot;:[]}}\" data-widget_type=\"media-carousel.default\">\n\t\t\t\t<div class=\"elementor-widget-container\">\n\t\t\t\t\t<div class=\"elementor-swiper\">\n\t\t\t<div class=\"elementor-main-swiper swiper\">\n\t\t\t\t<div class=\"swiper-wrapper\">\n\t\t\t\t\t\t\t\t\t\t\t<div class=\"swiper-slide\">\n\t\t\t\t\t\t\t\t\t<div class=\"elementor-carousel-image\" role=\"img\" aria-label=\"generaciones-exitosas\" style=\"background-image: url(&#039;https:\/\/universidaddelaltiplano.com\/uda\/wp-content\/uploads\/2024\/06\/generaciones-exitosas-8.png&#039;)\">\n\n\t\t\t\n\t\t\t\t\t<\/div>\n\t\t\t\t\t\t\t\t<\/div>\n\t\t\t\t\t\t\t\t\t\t\t<div class=\"swiper-slide\">\n\t\t\t\t\t\t\t\t\t<div class=\"elementor-carousel-image\" role=\"img\" aria-label=\"semi-presencial-2\" style=\"background-image: url(&#039;https:\/\/universidaddelaltiplano.com\/uda\/wp-content\/uploads\/2024\/06\/semi-presencial-2-8.png&#039;)\">\n\n\t\t\t\n\t\t\t\t\t<\/div>\n\t\t\t\t\t\t\t\t<\/div>\n\t\t\t\t\t\t\t\t\t\t\t<div class=\"swiper-slide\">\n\t\t\t\t\t\t\t\t\t<div class=\"elementor-carousel-image\" role=\"img\" aria-label=\"BECAS\" style=\"background-image: url(&#039;https:\/\/universidaddelaltiplano.com\/uda\/wp-content\/uploads\/2024\/06\/BECAS-8.png&#039;)\">\n\n\t\t\t\n\t\t\t\t\t<\/div>\n\t\t\t\t\t\t\t\t<\/div>\n\t\t\t\t\t\t\t\t\t\t\t<div class=\"swiper-slide\">\n\t\t\t\t\t\t\t\t\t<div class=\"elementor-carousel-image\" role=\"img\" aria-label=\"INSCRIPCIONES-\" style=\"background-image: url(&#039;https:\/\/universidaddelaltiplano.com\/uda\/wp-content\/uploads\/2024\/06\/INSCRIPCIONES-1-8-scaled.gif&#039;)\">\n\n\t\t\t\n\t\t\t\t\t<\/div>\n\t\t\t\t\t\t\t\t<\/div>\n\t\t\t\t\t\t\t\t\t<\/div>\n\t\t\t\t\t\t\t\t\t\t\t\t\t\t\t<div class=\"swiper-pagination\"><\/div>\n\t\t\t\t\t\t\t\t\t\t\t\t\t\t\t\t<div class=\"elementor-swiper-button elementor-swiper-button-prev\" role=\"button\" tabindex=\"0\">\n\t\t\t\t\t\t\t<i aria-hidden=\"true\" class=\"eicon-chevron-left\"><\/i>\t\t\t\t\t\t\t<span class=\"elementor-screen-only\">Previous<\/span>\n\t\t\t\t\t\t<\/div>\n\t\t\t\t\t\t<div class=\"elementor-swiper-button elementor-swiper-button-next\" role=\"button\" tabindex=\"0\">\n\t\t\t\t\t\t\t<i aria-hidden=\"true\" class=\"eicon-chevron-right\"><\/i>\t\t\t\t\t\t\t<span class=\"elementor-screen-only\">Next<\/span>\n\t\t\t\t\t\t<\/div>\n\t\t\t\t\t\t\t\t\t\t\t\t<\/div>\n\t\t<\/div>\n\t\t\t\t<\/div>\n\t\t\t\t<\/div>\n\t\t\t\t\t<\/div>\n\t\t<\/div>\n\t\t\t\t\t<\/div>\n\t\t<\/section>\n\t\t\t\t<section class=\"elementor-section elementor-top-section elementor-element elementor-element-0ecb2a1 elementor-section-boxed elementor-section-height-default elementor-section-height-default\" data-id=\"0ecb2a1\" data-element_type=\"section\">\n\t\t\t\t\t\t<div class=\"elementor-container elementor-column-gap-default\">\n\t\t\t\t\t<div class=\"elementor-column elementor-col-100 elementor-top-column elementor-element elementor-element-78c8bea\" data-id=\"78c8bea\" data-element_type=\"column\">\n\t\t\t<div class=\"elementor-widget-wrap elementor-element-populated\">\n\t\t\t\t\t\t<div class=\"elementor-element elementor-element-e62b1ea elementor-arrows-position-inside elementor-pagination-position-outside elementor-invisible elementor-widget elementor-widget-image-carousel\" data-id=\"e62b1ea\" data-element_type=\"widget\" data-settings=\"{&quot;slides_to_show&quot;:&quot;1&quot;,&quot;autoplay_speed&quot;:3000,&quot;speed&quot;:450,&quot;_animation&quot;:&quot;fadeInUp&quot;,&quot;navigation&quot;:&quot;both&quot;,&quot;autoplay&quot;:&quot;yes&quot;,&quot;pause_on_hover&quot;:&quot;yes&quot;,&quot;pause_on_interaction&quot;:&quot;yes&quot;,&quot;infinite&quot;:&quot;yes&quot;,&quot;effect&quot;:&quot;slide&quot;}\" data-widget_type=\"image-carousel.default\">\n\t\t\t\t<div class=\"elementor-widget-container\">\n\t\t\t\t\t<div class=\"elementor-image-carousel-wrapper swiper\" dir=\"ltr\">\n\t\t\t<div class=\"elementor-image-carousel swiper-wrapper\" aria-live=\"off\">\n\t\t\t\t\t\t\t\t<div class=\"swiper-slide\" role=\"group\" aria-roledescription=\"slide\" aria-label=\"1 de 3\"><figure class=\"swiper-slide-inner\"><img decoding=\"async\" class=\"swiper-slide-image\" src=\"https:\/\/universidaddelaltiplano.com\/uda\/wp-content\/uploads\/2023\/06\/banner-1.png\" alt=\"banner 1\" \/><\/figure><\/div><div class=\"swiper-slide\" role=\"group\" aria-roledescription=\"slide\" aria-label=\"2 de 3\"><figure class=\"swiper-slide-inner\"><img decoding=\"async\" class=\"swiper-slide-image\" src=\"https:\/\/universidaddelaltiplano.com\/uda\/wp-content\/uploads\/2023\/06\/banner-2.png\" alt=\"banner 2\" \/><\/figure><\/div><div class=\"swiper-slide\" role=\"group\" aria-roledescription=\"slide\" aria-label=\"3 de 3\"><figure class=\"swiper-slide-inner\"><img decoding=\"async\" class=\"swiper-slide-image\" src=\"https:\/\/universidaddelaltiplano.com\/uda\/wp-content\/uploads\/2023\/06\/banner-3.png\" alt=\"banner 3\" \/><\/figure><\/div>\t\t\t<\/div>\n\t\t\t\t\t\t\t\t\t\t\t\t<div class=\"elementor-swiper-button elementor-swiper-button-prev\" role=\"button\" tabindex=\"0\">\n\t\t\t\t\t\t<i aria-hidden=\"true\" class=\"eicon-chevron-left\"><\/i>\t\t\t\t\t<\/div>\n\t\t\t\t\t<div class=\"elementor-swiper-button elementor-swiper-button-next\" role=\"button\" tabindex=\"0\">\n\t\t\t\t\t\t<i aria-hidden=\"true\" class=\"eicon-chevron-right\"><\/i>\t\t\t\t\t<\/div>\n\t\t\t\t\n\t\t\t\t\t\t\t\t\t<div class=\"swiper-pagination\"><\/div>\n\t\t\t\t\t\t\t\t\t<\/div>\n\t\t\t\t<\/div>\n\t\t\t\t<\/div>\n\t\t\t\t\t<\/div>\n\t\t<\/div>\n\t\t\t\t\t<\/div>\n\t\t<\/section>\n\t\t\t\t<section class=\"elementor-section elementor-top-section elementor-element elementor-element-dcf8174 elementor-section-boxed elementor-section-height-default elementor-section-height-default\" data-id=\"dcf8174\" data-element_type=\"section\">\n\t\t\t\t\t\t<div class=\"elementor-container elementor-column-gap-default\">\n\t\t\t\t\t<div class=\"elementor-column elementor-col-100 elementor-top-column elementor-element elementor-element-0580fc6\" data-id=\"0580fc6\" data-element_type=\"column\">\n\t\t\t<div class=\"elementor-widget-wrap elementor-element-populated\">\n\t\t\t\t\t\t<div class=\"elementor-element elementor-element-2787b4e elementor-widget elementor-widget-text-editor\" data-id=\"2787b4e\" data-element_type=\"widget\" data-widget_type=\"text-editor.default\">\n\t\t\t\t<div class=\"elementor-widget-container\">\n\t\t\t\t\t\t\t<p><span style=\"color: inherit; font-family: inherit; font-size: 2rem;\">Programa de Atenci\u00f3n al Estudiante (PAE)<\/span><br><\/p>\n<div id=\"u226130-4\" class=\"clearfix grpelem\">&nbsp;<\/div>\n<p>Como parte de asegurar las trayectorias escolares exitosas, educaci\u00f3n permanente y equitativa, con referencia a los requerimientos del perfil institucional, es necesario conocer el perfil de ingreso as\u00ed como las expectativas que tienen los estudiantes que llegan a la Universidad del Altiplano.<\/p>\n<p>Para ello, la UDA implementa el Programa de Atenci\u00f3n al Estudiante, cuyo objetivo es diagnosticar el perfil y las expectativas de los estudiantes de nuevo ingreso a trav\u00e9s del an\u00e1lisis de los datos de la ficha de inscripci\u00f3n y de los resultados de las evaluaciones. As\u00ed mismo, atiende problemas de orientaci\u00f3n vocacional de los estudiantes desde su llegada e inserci\u00f3n a la instituci\u00f3n, identificando el perfil de ingreso bajo o deficiente de aprovechamiento escolar para prevenir la reprobaci\u00f3n de los mismos o deserci\u00f3n con acciones preventivas y correctivas. Adem\u00e1s, busca orientar a los estudiantes que presenten problemas emocionales, econ\u00f3micos, relacionados con la drogadicci\u00f3n y la sexualidad. Esto a trav\u00e9s de an\u00e1lisis estad\u00edsticos, de acompa\u00f1ar a los estudiantes durante su trayectoria escolar, a trav\u00e9s de asesor\u00edas psicopedag\u00f3gicas, cursos y talleres, para adquirir las competencias necesarias que los gu\u00eden a un mejor desempe\u00f1o durante su carrera profesional.<\/p>\t\t\t\t\t\t<\/div>\n\t\t\t\t<\/div>\n\t\t\t\t\t<\/div>\n\t\t<\/div>\n\t\t\t\t\t<\/div>\n\t\t<\/section>\n\t\t\t\t<\/div>\n\t\t","protected":false},"excerpt":{"rendered":"<p>Previous Next Programa de Atenci\u00f3n al Estudiante (PAE) &nbsp; Como parte de asegurar las trayectorias escolares exitosas, educaci\u00f3n permanente y equitativa, con referencia a los requerimientos del perfil institucional, es necesario conocer el perfil de ingreso as\u00ed como las expectativas que tienen los estudiantes que llegan a la Universidad del Altiplano. Para ello, la UDA [&hellip;]<\/p>\n","protected":false},"author":1,"featured_media":0,"parent":0,"menu_order":0,"comment_status":"closed","ping_status":"closed","template":"","meta":{"footnotes":""},"_links":{"self":[{"href":"https:\/\/universidaddelaltiplano.com\/uda\/wp-json\/wp\/v2\/pages\/408"}],"collection":[{"href":"https:\/\/universidaddelaltiplano.com\/uda\/wp-json\/wp\/v2\/pages"}],"about":[{"href":"https:\/\/universidaddelaltiplano.com\/uda\/wp-json\/wp\/v2\/types\/page"}],"author":[{"embeddable":true,"href":"https:\/\/universidaddelaltiplano.com\/uda\/wp-json\/wp\/v2\/users\/1"}],"replies":[{"embeddable":true,"href":"https:\/\/universidaddelaltiplano.com\/uda\/wp-json\/wp\/v2\/comments?post=408"}],"version-history":[{"count":15,"href":"https:\/\/universidaddelaltiplano.com\/uda\/wp-json\/wp\/v2\/pages\/408\/revisions"}],"predecessor-version":[{"id":2729,"href":"https:\/\/universidaddelaltiplano.com\/uda\/wp-json\/wp\/v2\/pages\/408\/revisions\/2729"}],"wp:attachment":[{"href":"https:\/\/universidaddelaltiplano.com\/uda\/wp-json\/wp\/v2\/media?parent=408"}],"curies":[{"name":"wp","href":"https:\/\/api.w.org\/{rel}","templated":true}]}}